{"id":30,"date":"2024-10-17T11:28:02","date_gmt":"2024-10-17T09:28:02","guid":{"rendered":"http:\/\/dev.leniundtobi.com\/?page_id=30"},"modified":"2024-10-17T14:47:47","modified_gmt":"2024-10-17T12:47:47","slug":"start","status":"publish","type":"page","link":"https:\/\/leniundtobi.com\/","title":{"rendered":"Start"},"content":{"rendered":"<p>[et_pb_section fb_built=&#8220;1&#8243; _builder_version=&#8220;4.27.2&#8243; _module_preset=&#8220;default&#8220; global_colors_info=&#8220;{}&#8220;][et_pb_row column_structure=&#8220;1_2,1_2&#8243; _builder_version=&#8220;4.27.2&#8243; _module_preset=&#8220;default&#8220; global_colors_info=&#8220;{}&#8220;][et_pb_column type=&#8220;1_2&#8243; _builder_version=&#8220;4.27.2&#8243; _module_preset=&#8220;default&#8220; global_colors_info=&#8220;{}&#8220;][et_pb_blurb title=&#8220;Leni und Tobi&#8220; _builder_version=&#8220;4.27.2&#8243; _module_preset=&#8220;default&#8220; header_level=&#8220;h1&#8243; custom_padding=&#8220;20px|20px|20px|20px|true|true&#8220; box_shadow_style=&#8220;preset2&#8243; global_colors_info=&#8220;{}&#8220;]<\/p>\n<p>Die Zwillinge Leni und Tobi (Marlene und Tobias) wurden am 23.11.2007 in der 32. SSW geboren und leiden leider seit ihrer Geburt an Cerebral Parese.\u00a0In ihrem Fall heisst das, dass sie noch nicht gehen, sitzen, krabbeln, selbstst\u00e4ndig essen und trinken, sowie sprechen k\u00f6nnen.\u00a0Beide sind aber kognitiv wahnsinnig gut \u2013 sie verstehen jeden Witz und sind unglaublich lustig und zufriedene Kinder! Mit ihren Augen k\u00f6nnen sie ja und und nein sagen (Blickrichtung) und auch mit Ihrem Sprachcomputer mit Augensteuerung k\u00f6nnen sie kommunizieren.\u00a0Sie besuchen eine inklusive Regelschule, absolvieren t\u00e4glich ein immenses Pensum an Therapien und sind sehr fleissig!<\/p>\n<p>Wir sind eine aktive Familie und unternehmen alles, um Leni, Tobi und ihrer gro\u00dfen Schwester Emma viele Familienaktivit\u00e4ten zu erm\u00f6glichen. So st\u00fcrzen wir uns im Winter mit ihren Biskis gerne die Skipisten hinunter, lieben es schwimmen zu gehen, unternehmen oftmals waghalsige \ud83d\ude09 Wanderungen, machen Camping Urlaube, gehen gerne ins Kino oder auch in den Zirkus, oder beobachten im Herbst bei einem Spaziergang, wie die bunten Bl\u00e4tter t\u00e4nzelnd von den B\u00e4umen fallen \u2013 kurzum, wir versuchen ein so normales Leben wie eben m\u00f6glich ist, zu leben.<\/p>\n<p>Nat\u00fcrlich m\u00f6chten wir Leni und Tobi auch die bestm\u00f6gliche F\u00f6rderung zukommen lassen und m\u00fcssen deshalb zus\u00e4tzlich zu ihrem t\u00e4glichen Therapieplan mehrmals im Jahr auf verschiedene Spezialtherapien fahren. Auch die orthop\u00e4dischen Versorgungen wie etwa Sitzversorgung, Lagerungshilfen, Therapieger\u00e4te, Spezial\u00e4rzte etc. sind sehr kostspielig.<\/p>\n<p><strong>Sollten Sie Leni und Tobi mit einer Spende unterst\u00fctzen wollen und k\u00f6nnen, sind wir Ihnen daf\u00fcr sehr dankbar!<\/strong><\/p>\n<p>Spendenkonto: \u201eMarlene &amp; Tobias\u201c<br \/>IBAN: AT77 2050 3033 0246 5996<br \/>BIC: SPIHAT22XXX<\/p>\n<p>Gerne k\u00f6nnen Sie uns auch eine Nachricht schreiben:<span>\u00a0<\/span><a href=\"mailto:mail@leniundtobi.com\">mail@leniundtobi.com<\/a><\/p>\n<p>[\/et_pb_blurb][\/et_pb_column][et_pb_column type=&#8220;1_2&#8243; _builder_version=&#8220;4.27.2&#8243; _module_preset=&#8220;default&#8220; global_colors_info=&#8220;{}&#8220;][et_pb_blurb title=&#8220;Ein Hingucker&#8220; _builder_version=&#8220;4.27.2&#8243; _module_preset=&#8220;default&#8220; custom_padding=&#8220;20px|20px|20px|20px|true|true&#8220; box_shadow_style=&#8220;preset2&#8243; global_colors_info=&#8220;{}&#8220;]Online roll on Gala 2020<\/p>\n<p><iframe loading=\"lazy\" width=\"406\" height=\"315\" src=\"https:\/\/www.youtube.com\/embed\/oadeP-rFEUw\" title=\"Roll On Gala 2020 Leni &amp; Tobi\" frameborder=\"0\" allow=\"accelerometer; autoplay; clipboard-write; encrypted-media; gyroscope; picture-in-picture; web-share\" referrerpolicy=\"strict-origin-when-cross-origin\" allowfullscreen><\/iframe>[\/et_pb_blurb][et_pb_gallery _builder_version=&#8220;4.27.2&#8243; _module_preset=&#8220;default&#8220; hover_enabled=&#8220;0&#8243; global_colors_info=&#8220;{}&#8220; gallery_ids=&#8220;47,51,50,48,46,45,44,43,42,41,52,53,40,39&#8243; fullwidth=&#8220;on&#8220; sticky_enabled=&#8220;0&#8243;][\/et_pb_gallery][\/et_pb_column][\/et_pb_row][\/et_pb_section]<\/p>\n","protected":false},"excerpt":{"rendered":"<p>Die Zwillinge Leni und Tobi (Marlene und Tobias) wurden am 23.11.2007 in der 32. SSW geboren und leiden leider seit ihrer Geburt an Cerebral Parese.\u00a0In ihrem Fall heisst das, dass sie noch nicht gehen, sitzen, krabbeln, selbstst\u00e4ndig essen und trinken, sowie sprechen k\u00f6nnen.\u00a0Beide sind aber kognitiv wahnsinnig gut \u2013 sie verstehen jeden Witz und sind [&hellip;]<\/p>\n","protected":false},"author":2,"featured_media":0,"parent":0,"menu_order":0,"comment_status":"closed","ping_status":"closed","template":"","meta":{"_et_pb_use_builder":"on","_et_pb_old_content":"","_et_gb_content_width":"","footnotes":""},"class_list":["post-30","page","type-page","status-publish","hentry"],"_links":{"self":[{"href":"https:\/\/leniundtobi.com\/index.php\/wp-json\/wp\/v2\/pages\/30","targetHints":{"allow":["GET"]}}],"collection":[{"href":"https:\/\/leniundtobi.com\/index.php\/wp-json\/wp\/v2\/pages"}],"about":[{"href":"https:\/\/leniundtobi.com\/index.php\/wp-json\/wp\/v2\/types\/page"}],"author":[{"embeddable":true,"href":"https:\/\/leniundtobi.com\/index.php\/wp-json\/wp\/v2\/users\/2"}],"replies":[{"embeddable":true,"href":"https:\/\/leniundtobi.com\/index.php\/wp-json\/wp\/v2\/comments?post=30"}],"version-history":[{"count":0,"href":"https:\/\/leniundtobi.com\/index.php\/wp-json\/wp\/v2\/pages\/30\/revisions"}],"wp:attachment":[{"href":"https:\/\/leniundtobi.com\/index.php\/wp-json\/wp\/v2\/media?parent=30"}],"curies":[{"name":"wp","href":"https:\/\/api.w.org\/{rel}","templated":true}]}}